{"id":22,"date":"2017-10-04T07:22:46","date_gmt":"2017-10-04T07:22:46","guid":{"rendered":"http:\/\/vertragsass.de\/?page_id=22"},"modified":"2018-05-14T19:31:54","modified_gmt":"2018-05-14T19:31:54","slug":"vertragsass","status":"publish","type":"page","link":"https:\/\/vertragsass.de\/","title":{"rendered":"Vertragsass &#8211; Ihr K\u00fcndigungsservice und Angebotsservice"},"content":{"rendered":"<div  data-label=\"Overlapable\" data-id=\"stripped-about-four-boxes-section\" data-category=\"overlapable\" class=\"stripped-about-four-boxes-section\" data-overlap=\"true\" id=\"overlapable-1\" style=\"background-color: rgb(255, 255, 255);\"> <div  class=\"gridContainer\"> <div  class=\"about-four-boxes-innerrow flexbox-list\"> <div  class=\"about-four-boxes-imgcol\" data-bg=\"image\"><\/div> <div  class=\"about-four-boxes-textcol\" data-type=\"column\"> <h6  class=\"\">VERTRAGSASS<\/h6> <h2  class=\"\">Einmalige Dateneingabe<\/h2> <p  class=\"\">Geben Sie Ihre Daten einmalig ein und w\u00e4hlen Sie ob Sie j\u00e4hrlich ein Angebot w\u00fcnschen oder ob vollautmatisch gewechselt werden soll.&nbsp;<\/p> <\/div> <div  class=\"about-four-boxes-textcol\" data-type=\"column\"> <h6  class=\"\">VERTRAGSASS<\/h6> <h2  class=\"\">J\u00e4hrlich sparen<\/h2> <p  class=\"\">Sparen Sie mit einem automatischen Wechsel oder las Angebot per Mail. Immer entspann beim besten Deal.<\/p> <\/div> <div  class=\"about-four-boxes-imgcol2\" data-bg=\"image\" style=\"background-image: url(https:\/\/vertragsass.de\/wp-content\/uploads\/2017\/10\/woman-506120_1920.jpg);\"><\/div> <\/div> <\/div><\/div><div  id=\"overlapable-2\" style=\"background-color: #ffffff;\" data-label=\"Overlapable\" data-id=\"stripped-coloured-icon-boxes\" data-category=\"overlapable\" class=\"features-coloured-icon-boxes-section\" data-overlap=\"true\">\n<div  class=\"gridContainer\">\n<div  class=\"features-coloured-icon-boxes-innerrow flexbox-list dark-text\" data-type=\"row\">\n<div  class=\"features-coloured-icon-boxes-featurecol cp3cols\">\n<div  class=\"features-coloured-icon-boxes-iconcontainer\" data-content-item-container=\"true\"><i  class=\"features-coloured-icon fa fa-bolt\" data-cp-fa=\"true\"><\/i><\/div>\n<h4  class=\"\">1.Option w\u00e4hlen<\/h4>\n<p  class=\"\">Automatischer Wechsel oder j\u00e4hrliches Angebot.<\/p>\n\n\n<\/div>\n<div  class=\"features-coloured-icon-boxes-featurecol cp3cols\">\n<div  class=\"features-coloured-icon-boxes-iconcontainer\" data-content-item-container=\"true\"><i  class=\"features-coloured-icon fa fa-cloud\" data-cp-fa=\"true\"><\/i><\/div>\n<h4  class=\"\">2.Anmelden<\/h4>\n<p  class=\"\">Einmalig Daten der Vertr\u00e4ge eingeben.<\/p>\n&nbsp;\n\n\n\n<\/div>\n<div  class=\"features-coloured-icon-boxes-featurecol cp3cols\">\n<div  class=\"features-coloured-icon-boxes-iconcontainer\" data-content-item-container=\"true\"><i  class=\"features-coloured-icon fa fa-signal\" data-cp-fa=\"true\"><\/i><\/div>\n<h4  class=\"\">3.Angebote erhalten<\/h4>\n<p  class=\"\">Angebote nach Ihren Vorgaben erhalten.<\/p>\n&nbsp;\n\n\n\n<\/div>\n<div  class=\"features-coloured-icon-boxes-featurecol cp3cols\">\n<div  class=\"features-coloured-icon-boxes-iconcontainer\" data-content-item-container=\"true\"><i  class=\"features-coloured-icon fa fa-pie-chart\" data-cp-fa=\"true\"><\/i><\/div>\n<h4  class=\"\">4.Entspannt sein<\/h4>\n<p  class=\"\">Immer entspannt beim besten Deal.<\/p>\n\n\n<\/div>\n<\/div>\n<\/div>\n<\/div>","protected":false},"excerpt":{"rendered":"<p>VERTRAGSASS Einmalige Dateneingabe Geben Sie Ihre Daten einmalig ein und w\u00e4hlen Sie ob Sie j\u00e4hrlich ein Angebot w\u00fcnschen oder ob vollautmatisch gewechselt werden soll.&nbsp; VERTRAGSASS J\u00e4hrlich sparen Sparen Sie mit einem automatischen Wechsel oder las Angebot per Mail. Immer entspann beim besten Deal. 1.Option w\u00e4hlen Automatischer Wechsel oder j\u00e4hrliches Angebot. 2.Anmelden Einmalig Daten der Vertr\u00e4ge&hellip; <br \/> <a class=\"button small blue\" href=\"https:\/\/vertragsass.de\/?p=1\">Weiterlesen<\/a><\/p>\n","protected":false},"author":1,"featured_media":0,"parent":0,"menu_order":0,"comment_status":"closed","ping_status":"closed","template":"","meta":[],"_links":{"self":[{"href":"https:\/\/vertragsass.de\/index.php?rest_route=\/wp\/v2\/pages\/22"}],"collection":[{"href":"https:\/\/vertragsass.de\/index.php?rest_route=\/wp\/v2\/pages"}],"about":[{"href":"https:\/\/vertragsass.de\/index.php?rest_route=\/wp\/v2\/types\/page"}],"author":[{"embeddable":true,"href":"https:\/\/vertragsass.de\/index.php?rest_route=\/wp\/v2\/users\/1"}],"replies":[{"embeddable":true,"href":"https:\/\/vertragsass.de\/index.php?rest_route=%2Fwp%2Fv2%2Fcomments&post=22"}],"version-history":[{"count":21,"href":"https:\/\/vertragsass.de\/index.php?rest_route=\/wp\/v2\/pages\/22\/revisions"}],"predecessor-version":[{"id":155,"href":"https:\/\/vertragsass.de\/index.php?rest_route=\/wp\/v2\/pages\/22\/revisions\/155"}],"wp:attachment":[{"href":"https:\/\/vertragsass.de\/index.php?rest_route=%2Fwp%2Fv2%2Fmedia&parent=22"}],"curies":[{"name":"wp","href":"https:\/\/api.w.org\/{rel}","templated":true}]}}